{"id":55232,"date":"2021-03-30T20:13:26","date_gmt":"2021-03-30T20:13:26","guid":{"rendered":"https:\/\/iet.energy\/?page_id=55232"},"modified":"2021-07-19T17:42:40","modified_gmt":"2021-07-19T17:42:40","slug":"cpd-2","status":"publish","type":"page","link":"https:\/\/iet.energy\/?page_id=55232","title":{"rendered":"Soluciones de Autoconsumo y Gesti\u00f3n de Energ\u00eda"},"content":{"rendered":"<p>[vc_row padding_spacement_md=\u00bb100px \/ 0px \/ 75px \/ 0px\u00bb padding_spacement_xs=\u00bb20px \/ 0px \/ 0px \/ 0px\u00bb custom_spacement_padding_id=\u00bb5ea06d6263d7b\u00bb][vc_column css_animation=\u00bbfadeInUpShorter\u00bb css_animation_delay=\u00bb400&#8243; offset=\u00bbvc_col-lg-6 vc_col-md-offset-0 vc_col-md-6 vc_col-sm-offset-0 vc_col-xs-12&#8243;]<div  class=\"ezy-floating-element ezy-particles particles custom_spacement_margin_5e8e228eaf86e position-absolute top-0 right-0 d-none d-lg-block mh-md-none \" ><div class=\"particles-rect d-none d-lg-block\" data-plugin-float-element data-plugin-options=\"{&#039;startPos&#039;: &#039;none&#039;, &#039;speed&#039;: 10, &#039;transition&#039;: true, &#039;style&#039;: &#039;max-width: 250px;&#039;}\" style=\"background-color: rgba(0,0,0,0.21);\"><div class=\"rect-size\"><\/div><\/div><div class=\"\" data-plugin-float-element data-plugin-options=\"{&#039;style&#039;: &#039;top: -140px; left: -56%; width: 150% !important;&#039;, &#039;startPos&#039;: &#039;top&#039;, &#039;speed&#039;: &#039;9&#039;, &#039;horizontal&#039;: true, &#039;transition&#039;: true}\">\r\n\r\n<div   class=\"ezy-image-frame vc_custom_1617219729055 \">\r\n\t\r\n\t<div class=\"card bg-transparent border-0 p-0\">\r\n\t\t\t\t\r\n\t\t<div class=\"image-frame\">\r\n\t\t\t\t\t\t\t\r\n\t\t\t\t\t\r\n\t\t\t\t<img loading=\"lazy\" decoding=\"async\" width=\"722\" height=\"430\" src=\"https:\/\/iet.energy\/wp-content\/themes\/ezy-theme\/img\/lazy.png\" class=\"img-fluid lazyload\" alt=\"Soluciones de Autoconsumo y Gesti\u00f3n de Energ\u00eda\" style=\"max-width:320px;\" srcset=\"https:\/\/iet.energy\/wp-content\/themes\/ezy-theme\/img\/lazy.png\" data-src=\"https:\/\/iet.energy\/wp-content\/uploads\/2021\/03\/91.jpg\" data-srcset=\"https:\/\/iet.energy\/wp-content\/uploads\/2021\/03\/91.jpg 722w, https:\/\/iet.energy\/wp-content\/uploads\/2021\/03\/91-300x179.jpg 300w\" \/>\r\n\r\n\t\t\t\r\n\t\t<\/div>\r\n\t\t\t\t\t\t\t<\/div>\r\n\r\n<\/div>\n<\/div><\/div><div  class=\"ezy-floating-element ezy-particles particles custom_spacement_margin_5e8e228eaf87f mh-xs-none mh-md-none mh-lg-none mh-xl-none \" ><div class=\"\" data-plugin-float-element data-plugin-options=\"{&#039;startPos&#039;: &#039;top&#039;, &#039;speed&#039;: &#039;4&#039;, &#039;horizontal&#039;: false, &#039;transition&#039;: true}\">\r\n\r\n<div   class=\"ezy-image-frame mw-xs-none mw-md-none \">\r\n\t\r\n\t<div class=\"card bg-transparent border-0 p-0\">\r\n\t\t\t\t\r\n\t\t<div class=\"image-frame\">\r\n\t\t\t\t\t\t\t\r\n\t\t\t\t\t\r\n\t\t\t\t<img loading=\"lazy\" decoding=\"async\" width=\"722\" height=\"430\" src=\"https:\/\/iet.energy\/wp-content\/themes\/ezy-theme\/img\/lazy.png\" class=\"img-fluid lazyload\" alt=\"Soluciones de Autoconsumo y Gesti\u00f3n de Energ\u00eda\" style=\"max-width:400px;\" srcset=\"https:\/\/iet.energy\/wp-content\/themes\/ezy-theme\/img\/lazy.png\" data-src=\"https:\/\/iet.energy\/wp-content\/uploads\/2021\/03\/92.jpg\" data-srcset=\"https:\/\/iet.energy\/wp-content\/uploads\/2021\/03\/92.jpg 722w, https:\/\/iet.energy\/wp-content\/uploads\/2021\/03\/92-300x179.jpg 300w\" \/>\r\n\r\n\t\t\t\r\n\t\t<\/div>\r\n\t\t\t\t\t\t\t<\/div>\r\n\r\n<\/div>\n<\/div><\/div>[\/vc_column][vc_column margin_spacement_md=\u00bb0px \/ 0px \/ 0px \/ 0px\u00bb margin_spacement_sm=\u00bb0px \/ 0px \/ 68px \/ 0px\u00bb margin_spacement_xs=\u00bb0px \/ 0px \/ 68px \/ 0px\u00bb custom_spacement_margin_id=\u00bb5e8e228eaf88b\u00bb offset=\u00bbvc_col-md-6&#8243;]<div  class=\"ezy-heading text-left  appear-animation\" data-appear-animation=\"fadeInUpShorter\" data-appear-animation-delay=\"200\" data-appear-animation-duration=\"750ms\"><h2 class=\"ezy-text-tag main-heading-text font-weight-bold has-skin-text-color \" style=\"margin-bottom: 17px;\">Sistema de gerenciamiento de energ\u00eda.<\/h2><span class=\"ezy-text-tag heading-sub-title d-block font-weight-light has-skin-text-color text-color-primary\" style=\"font-size: 13px !important; \">Eaton - XStorage<\/span><\/div>[vc_column_text css_animation=\u00bbfadeInUpShorter\u00bb css_animation_delay=\u00bb400&#8243; css=\u00bb.vc_custom_1617224543522{margin-bottom: 20px !important;}\u00bb]La tecnolog\u00eda de bater\u00edas de iones de litio de Nissan, combinada con la experiencia en gesti\u00f3n de energ\u00eda de EATON ha permitido desarrollar dos series de potentes Gerenciadores (de uso domestico y de uso industrial).<\/p>\n<p>Eaton XStorage, permite administrar y gestionar la energ\u00eda con amplitud de fuentes, sean estas de tipo renovable o bien de conexi\u00f3n a red el\u00e9ctrica, contando con un reservorio customizado en iones de litio y la posibilidad de suministrar, tanto a consumo, como inyectar energ\u00eda a la red el\u00e9ctrica.[\/vc_column_text]<div  class=\"ezy-button d-inline-block  appear-animation\" data-appear-animation=\"fadeInUpShorter\" data-appear-animation-delay=\"800\" data-appear-animation-duration=\"750ms\"><a href=\"https:\/\/iet.energy\/contacto\/\" title=\"\" target=\"_self\"  class=\"btn align-items-center btn-outline btn-primary btn-rounded font-weight-bold\"  style=\"font-size: 11px; padding: 12px 55px;\">Cu\u00e9ntenos su proyecto<\/a><\/div>[\/vc_column][\/vc_row][vc_row full_width=\u00bbstretch_row_content_no_spaces\u00bb][vc_column][vc_separator][\/vc_column][\/vc_row][vc_section full_height=\u00bbyes\u00bb video_bg=\u00bbyes\u00bb video_bg_url=\u00bbhttps:\/\/www.youtube.com\/watch?v=MtRaVqwBPB4&#8243; background_color=\u00bbcustom\u00bb vc_section_id=\u00bb605e7302681f3&#8243; background_color_custom=\u00bb#2e3237&#8243; css=\u00bb.vc_custom_1617820193585{padding-top: 60px !important;padding-bottom: 55px !important;}\u00bb][vc_row css_animation=\u00bbfadeInRightShorter\u00bb css_animation_delay=\u00bb200&#8243; css=\u00bb.vc_custom_1587572337809{margin-bottom: 30px !important;}\u00bb][vc_column width=\u00bb2\/3&#8243; padding_spacement_md=\u00bb0px \/ 0px \/ 0px \/ 0px\u00bb padding_spacement_xs=\u00bb0px \/ 0px \/ 30px \/ 0px\u00bb custom_spacement_padding_id=\u00bb605e730267fb2&#8243; custom_spacement_margin_id=\u00bb5e8e228eaf899&#8243; offset=\u00bbvc_col-md-offset-0 vc_col-md-4 vc_col-sm-offset-2&#8243;]<div  class=\"ezy-heading text-left  \" ><h2 class=\"ezy-text-tag heading-sub-title d-block font-weight-extra-bold has-skin-text-color text-color-primary\" style=\"font-size: 68px !important;  margin-bottom: 0px;\">XStorage<\/h2><h2 class=\"ezy-text-tag main-heading-text main-heading-text font-weight-normal has-skin-text-color \"><\/h2><\/div>[\/vc_column][vc_column width=\u00bb2\/3&#8243; padding_spacement_md=\u00bb0px \/ 0px \/ 0px \/ 0px\u00bb padding_spacement_xs=\u00bb0px \/ 0px \/ 30px \/ 0px\u00bb custom_spacement_padding_id=\u00bb605e730267fc4&#8243; custom_spacement_margin_id=\u00bb5e8e228eaf8a7&#8243; offset=\u00bbvc_col-md-offset-0 vc_col-md-4 vc_col-sm-offset-2&#8243;]<div  class=\"ezy-heading text-center  \" ><h2 class=\"ezy-text-tag main-heading-text main-heading-text font-weight-normal has-skin-text-color \"><\/h2><\/div><div  class=\"ezy-heading text-center position-relative \" ><h2 class=\"ezy-text-tag main-heading-text font-weight-extra-bold has-skin-text-color text-color-light\" style=\"font-size: 18px !important;  margin-bottom: 10px;\"><\/h2><\/div>[vc_column_text css=\u00bb.vc_custom_1617225366637{padding-right: 1.5rem !important;padding-left: 1.5rem !important;}\u00bb][\/vc_column_text][\/vc_column][vc_column width=\u00bb2\/3&#8243; offset=\u00bbvc_col-md-offset-0 vc_col-md-4 vc_col-sm-offset-2&#8243;]<div  class=\"ezy-heading text-center  \" ><h2 class=\"ezy-text-tag main-heading-text main-heading-text font-weight-normal has-skin-text-color \"><\/h2><\/div><div  class=\"ezy-heading text-center position-relative \" ><h2 class=\"ezy-text-tag main-heading-text font-weight-extra-bold has-skin-text-color text-color-light\" style=\"font-size: 18px !important;  margin-bottom: 10px;\"><\/h2><\/div>[vc_column_text css=\u00bb.vc_custom_1617225351080{padding-right: 1.5rem !important;padding-left: 1.5rem !important;}\u00bb][\/vc_column_text][\/vc_column][\/vc_row][\/vc_section][vc_row css_animation=\u00bbfadeInUpShorter\u00bb css_animation_delay=\u00bb200&#8243; css=\u00bb.vc_custom_1588005270286{margin-top: -70px !important;margin-bottom: 70px !important;}\u00bb][vc_column width=\u00bb1\/3&#8243; margin_spacement_sm=\u00bb0px \/ 0px \/ 0px \/ 0px\u00bb margin_spacement_xs=\u00bb0rem \/ 0rem \/ 3rem \/ 0rem\u00bb custom_spacement_margin_id=\u00bb5e8e228eaf918&#8243;]\r\n\r\n<div   class=\"ezy-image-frame vc_custom_1617226994320 \">\r\n\t\r\n\t<div class=\"card bg-transparent border-0 p-0\">\r\n\t\t\t\t\r\n\t\t<div class=\"image-frame image-frame-style-3\">\r\n\t\t\t\t\t\t\t\r\n\t\t\t\t\t\r\n\t\t\t\t<img loading=\"lazy\" decoding=\"async\" width=\"722\" height=\"430\" src=\"https:\/\/iet.energy\/wp-content\/themes\/ezy-theme\/img\/lazy.png\" class=\"img-fluid lazyload\" alt=\"Soluciones de Autoconsumo y Gesti\u00f3n de Energ\u00eda\" srcset=\"https:\/\/iet.energy\/wp-content\/themes\/ezy-theme\/img\/lazy.png\" data-src=\"https:\/\/iet.energy\/wp-content\/uploads\/2021\/03\/xST-HOME.jpg\" data-srcset=\"https:\/\/iet.energy\/wp-content\/uploads\/2021\/03\/xST-HOME.jpg 722w, https:\/\/iet.energy\/wp-content\/uploads\/2021\/03\/xST-HOME-300x179.jpg 300w\" \/>\r\n\r\n\t\t\t\r\n\t\t<\/div>\r\n\t\t\t\t\t\t\t<\/div>\r\n\r\n<\/div><div  class=\"ezy-heading text-center  \" ><h2 class=\"ezy-text-tag main-heading-text font-weight-bold has-skin-text-color text-color-dark\" style=\"font-size: 18px !important;  margin-bottom: 17px;\">HOME<\/h2><\/div>[vc_column_text css=\u00bb.vc_custom_1617227180207{margin-bottom: 0px !important;}\u00bb]<\/p>\n<p style=\"text-align: center;\">XStorage Home es un sistema que permite administrar una potencia monof\u00e1sica de hasta 6KW, desde recursos renovables o h\u00edbridos.<\/p>\n<p>[\/vc_column_text][\/vc_column][vc_column width=\u00bb1\/3&#8243; margin_spacement_sm=\u00bb0px \/ 0px \/ 0px \/ 0px\u00bb margin_spacement_xs=\u00bb0rem \/ 0rem \/ 3rem \/ 0rem\u00bb custom_spacement_margin_id=\u00bb5e8e228eaf92c\u00bb]\r\n\r\n<div   class=\"ezy-image-frame vc_custom_1617227023337 \">\r\n\t\r\n\t<div class=\"card bg-transparent border-0 p-0\">\r\n\t\t\t\t\r\n\t\t<div class=\"image-frame image-frame-style-3\">\r\n\t\t\t\t\t\t\t\r\n\t\t\t\t\t\r\n\t\t\t\t<img loading=\"lazy\" decoding=\"async\" width=\"722\" height=\"430\" src=\"https:\/\/iet.energy\/wp-content\/themes\/ezy-theme\/img\/lazy.png\" class=\"img-fluid lazyload\" alt=\"Soluciones de Autoconsumo y Gesti\u00f3n de Energ\u00eda\" srcset=\"https:\/\/iet.energy\/wp-content\/themes\/ezy-theme\/img\/lazy.png\" data-src=\"https:\/\/iet.energy\/wp-content\/uploads\/2021\/03\/SOLAR-PV.jpg\" data-srcset=\"https:\/\/iet.energy\/wp-content\/uploads\/2021\/03\/SOLAR-PV.jpg 722w, https:\/\/iet.energy\/wp-content\/uploads\/2021\/03\/SOLAR-PV-300x179.jpg 300w\" \/>\r\n\r\n\t\t\t\r\n\t\t<\/div>\r\n\t\t\t\t\t\t\t<\/div>\r\n\r\n<\/div><div  class=\"ezy-heading text-center  \" ><h2 class=\"ezy-text-tag main-heading-text font-weight-bold has-skin-text-color text-color-dark\" style=\"font-size: 18px !important;  margin-bottom: 17px;\">SOLAR PV<\/h2><\/div>[vc_column_text css=\u00bb.vc_custom_1617227433022{margin-bottom: 0px !important;}\u00bb]<\/p>\n<p style=\"text-align: center;\">Generaci\u00f3n de energ\u00eda en alta eficiencia (PV\/Wind), es la clave para la productividad de las topolog\u00edas h\u00edbridas o aut\u00f3nomas.<\/p>\n<p>[\/vc_column_text][\/vc_column][vc_column width=\u00bb1\/3&#8243;]\r\n\r\n<div   class=\"ezy-image-frame vc_custom_1617227046901 \">\r\n\t\r\n\t<div class=\"card bg-transparent border-0 p-0\">\r\n\t\t\t\t\r\n\t\t<div class=\"image-frame image-frame-style-3\">\r\n\t\t\t\t\t\t\t\r\n\t\t\t\t\t\r\n\t\t\t\t<img loading=\"lazy\" decoding=\"async\" width=\"722\" height=\"430\" src=\"https:\/\/iet.energy\/wp-content\/themes\/ezy-theme\/img\/lazy.png\" class=\"img-fluid lazyload\" alt=\"Soluciones de Autoconsumo y Gesti\u00f3n de Energ\u00eda\" srcset=\"https:\/\/iet.energy\/wp-content\/themes\/ezy-theme\/img\/lazy.png\" data-src=\"https:\/\/iet.energy\/wp-content\/uploads\/2021\/03\/XS-BUILDING.jpg\" data-srcset=\"https:\/\/iet.energy\/wp-content\/uploads\/2021\/03\/XS-BUILDING.jpg 722w, https:\/\/iet.energy\/wp-content\/uploads\/2021\/03\/XS-BUILDING-300x179.jpg 300w\" \/>\r\n\r\n\t\t\t\r\n\t\t<\/div>\r\n\t\t\t\t\t\t\t<\/div>\r\n\r\n<\/div><div  class=\"ezy-heading text-center  \" ><h2 class=\"ezy-text-tag main-heading-text font-weight-bold has-skin-text-color text-color-dark\" style=\"font-size: 18px !important;  margin-bottom: 17px;\">BUILDING<\/h2><\/div>[vc_column_text css=\u00bb.vc_custom_1617227623803{margin-bottom: 0px !important;}\u00bb]<\/p>\n<p style=\"text-align: center;\">La linea XStorage Building se caracteriza por su modularidad y escalabilidad de 10KW a 10MW, con autonom\u00eda seg\u00fan requerimiento.<\/p>\n<p>[\/vc_column_text][\/vc_column][\/vc_row][vc_section full_width=\u00bbstretch_row_content\u00bb background_color=\u00bbcustom\u00bb vc_section_id=\u00bb605e730268270&#8243; background_color_custom=\u00bb#f1f3f7&#8243; css=\u00bb.vc_custom_1553191945418{padding-top: 0px !important;padding-bottom: 0px !important;}\u00bb][vc_row full_width=\u00bbstretch_row_content_no_spaces\u00bb content_placement=\u00bbmiddle\u00bb][vc_column half_column=\u00bbtrue\u00bb half_column_pull_right=\u00bbtrue\u00bb css=\u00bb.vc_custom_1554828623669{padding-top: 4rem !important;padding-bottom: 4rem !important;}\u00bb offset=\u00bbvc_col-md-6&#8243;]<div  class=\"ezy-heading text-left  appear-animation\" data-appear-animation=\"fadeInUpShorter\" data-appear-animation-delay=\"200\" data-appear-animation-duration=\"750ms\"><span class=\"ezy-text-tag heading-sub-title d-block font-weight-light has-skin-text-color text-color-primary\" style=\"font-size: 13px !important; \">EATON - XStorage H\/B<\/span><h2 class=\"ezy-text-tag main-heading-text font-weight-bold has-skin-text-color \" style=\"margin-bottom: 25px;\">Ventajas del producto<\/h2><\/div><div  class=\"ezy-list vc_custom_1586373495547 appear-animation\" data-appear-animation=\"fadeInUpShorter\" data-appear-animation-delay=\"400\" data-appear-animation-duration=\"750ms\"><ul class=\"list list-unstyled\"><li  class=\"vc_custom_1553191651038 \" ><div class=\"list-item-content-wrapper d-flex justify-content-between align-items-center\"><div class=\"rounded-circle\" style=\"margin-top: 2px !important;\"><i class=\"mx-2 fa fa-check text-color-primary \"><\/i><\/div><div class=\"list-item-content align-self-center w-100\">[vc_column_text css=\u00bb.vc_custom_1617227663933{margin-bottom: 0px !important;}\u00bb]Autoconsumo gestionado[\/vc_column_text]<\/div><\/div><\/li><li  class=\"vc_custom_1553191651038 \" ><div class=\"list-item-content-wrapper d-flex justify-content-between align-items-center\"><div class=\"rounded-circle\" style=\"margin-top: 2px !important;\"><i class=\"mx-2 fa fa-check text-color-primary \"><\/i><\/div><div class=\"list-item-content align-self-center w-100\">[vc_column_text css=\u00bb.vc_custom_1617227697647{margin-bottom: 0px !important;}\u00bb]Re-inyecci\u00f3n de excedente[\/vc_column_text]<\/div><\/div><\/li><li  class=\"vc_custom_1553191651038 \" ><div class=\"list-item-content-wrapper d-flex justify-content-between align-items-center\"><div class=\"rounded-circle\" style=\"margin-top: 2px !important;\"><i class=\"mx-2 fa fa-check text-color-primary \"><\/i><\/div><div class=\"list-item-content align-self-center w-100\">[vc_column_text css=\u00bb.vc_custom_1617227733492{margin-bottom: 0px !important;}\u00bb]Selecci\u00f3n del periodo de compra de energ\u00eda.[\/vc_column_text]<\/div><\/div><\/li><li  class=\"vc_custom_1553191651038 \" ><div class=\"list-item-content-wrapper d-flex justify-content-between align-items-center\"><div class=\"rounded-circle\" style=\"margin-top: 2px !important;\"><i class=\"mx-2 fa fa-check text-color-primary \"><\/i><\/div><div class=\"list-item-content align-self-center w-100\">[vc_column_text css=\u00bb.vc_custom_1617227758727{margin-bottom: 0px !important;}\u00bb]Extraordinaria capacidad de reserva.[\/vc_column_text]<\/div><\/div><\/li><li  class=\"vc_custom_1553192006208 \" ><div class=\"list-item-content-wrapper d-flex justify-content-between align-items-center\"><div class=\"rounded-circle\" style=\"margin-top: 2px !important;\"><i class=\"mx-2 fa fa-check text-color-primary \"><\/i><\/div><div class=\"list-item-content align-self-center w-100\">[vc_column_text css=\u00bb.vc_custom_1617227801367{margin-bottom: 0px !important;}\u00bb]Alta eficiencia y disminuci\u00f3n de CO2[\/vc_column_text]<\/div><\/div><\/li><\/ul><\/div>[\/vc_column][vc_column parallax=\u00bbcontent-moving\u00bb parallax_image=\u00bb55291&#8243; offset=\u00bbvc_col-md-6&#8243; column_min_height=\u00bb370&#8243;][\/vc_column][\/vc_row][\/vc_section][vc_section background_overlay_color=\u00bboverlay-color-primary\u00bb background_overlay_opacity=\u00bboverlay-op-8&#8243; vc_section_id=\u00bb605e730268286&#8243; css=\u00bb.vc_custom_1560179981430{padding-top: 3rem !important;padding-bottom: 3rem !important;background-image: url(https:\/\/www.okler.net\/ezy\/wordpress\/multi-purpose-1\/wp-content\/uploads\/sites\/2\/2019\/06\/parallax-1-e1560179937744-ezy-placeholder.jpg?id=4647) !important;}\u00bb][vc_row content_placement=\u00bbmiddle\u00bb][vc_column width=\u00bb2\/3&#8243; margin_spacement_sm=\u00bb0px \/ 0px \/ 0px \/ 0px\u00bb margin_spacement_xs=\u00bb0px \/ 0px \/ 30px \/ 0px\u00bb custom_spacement_margin_id=\u00bb5e8e228eaf980&#8243;]<div  class=\"ezy-heading text-left  appear-animation\" data-appear-animation=\"fadeInLeftShorter\" data-appear-animation-delay=\"200\" data-appear-animation-duration=\"750ms\"><h2 class=\"ezy-text-tag main-heading-text font-weight-semibold has-skin-text-color text-color-light\" style=\"margin-bottom: 5px;\">CON\u00d3ZCANOS , perm\u00edtanos asistirle.<\/h2><span class=\"ezy-text-tag heading-sub-title d-block font-weight-light has-skin-text-color text-color-light\" style=\"font-size: 16px !important; \">Sabemos que hoy, o en el futuro, usted ser\u00e1 nuestro cliente.<\/span><\/div>[\/vc_column][vc_column width=\u00bb1\/3&#8243;]<div  class=\"ezy-button d-flex justify-content-md-end  appear-animation\" data-appear-animation=\"fadeInRightShorter\" data-appear-animation-delay=\"200\" data-appear-animation-duration=\"750ms\"><a href=\"https:\/\/iet.energy\/contacto\/\" title=\"\" target=\"_self\"  class=\"btn align-items-center btn-light btn-rounded font-weight-bold btn-icon-effect-1\"  style=\"font-size: 12px; padding: 13px 56px;\"><span class=\"wrap noskin\"><span class=\"noskin\">Cont\u00e1ctenos<\/span><i class=\"\" style=\"font-size: 12px;\"><\/i><\/span><\/a><\/div>[\/vc_column][\/vc_row][\/vc_section]<\/p>\n","protected":false},"excerpt":{"rendered":"<p>[vc_row padding_spacement_md=\u00bb100px \/ 0px \/ 75px \/ 0px\u00bb padding_spacement_xs=\u00bb20px \/ 0px \/ 0px \/ 0px\u00bb custom_spacement_padding_id=\u00bb5ea06d6263d7b\u00bb][vc_column css_animation=\u00bbfadeInUpShorter\u00bb css_animation_delay=\u00bb400&#8243; offset=\u00bbvc_col-lg-6 vc_col-md-offset-0 vc_col-md-6 vc_col-sm-offset-0 vc_col-xs-12&#8243;][\/vc_column][vc_column margin_spacement_md=\u00bb0px \/ 0px \/ 0px \/ 0px\u00bb margin_spacement_sm=\u00bb0px \/ 0px \/ 68px \/ 0px\u00bb margin_spacement_xs=\u00bb0px \/ 0px \/ 68px \/ 0px\u00bb custom_spacement_margin_id=\u00bb5e8e228eaf88b\u00bb offset=\u00bbvc_col-md-6&#8243;][vc_column_text css_animation=\u00bbfadeInUpShorter\u00bb css_animation_delay=\u00bb400&#8243; css=\u00bb.vc_custom_1617224543522{margin-bottom: 20px !important;}\u00bb]La tecnolog\u00eda de bater\u00edas de [&hellip;]<\/p>\n","protected":false},"author":2,"featured_media":0,"parent":0,"menu_order":0,"comment_status":"closed","ping_status":"closed","template":"","meta":{"footnotes":""},"class_list":["post-55232","page","type-page","status-publish","hentry"],"yoast_head":"<!-- This site is optimized with the Yoast SEO plugin v27.3 - https:\/\/yoast.com\/product\/yoast-seo-wordpress\/ -->\n<title>Soluciones de Autoconsumo y Gesti\u00f3n de Energ\u00eda - IET Energy<\/title>\n<meta name=\"robots\" content=\"index, follow, max-snippet:-1, max-image-preview:large, max-video-preview:-1\" \/>\n<link rel=\"canonical\" href=\"https:\/\/iet.energy\/?page_id=55232\" \/>\n<meta property=\"og:locale\" content=\"es_ES\" \/>\n<meta property=\"og:type\" content=\"article\" \/>\n<meta property=\"og:title\" content=\"Soluciones de Autoconsumo y Gesti\u00f3n de Energ\u00eda - IET Energy\" \/>\n<meta property=\"og:description\" content=\"[vc_row padding_spacement_md=\u00bb100px \/ 0px \/ 75px \/ 0px\u00bb padding_spacement_xs=\u00bb20px \/ 0px \/ 0px \/ 0px\u00bb custom_spacement_padding_id=\u00bb5ea06d6263d7b\u00bb][vc_column css_animation=\u00bbfadeInUpShorter\u00bb css_animation_delay=\u00bb400&#8243; offset=\u00bbvc_col-lg-6 vc_col-md-offset-0 vc_col-md-6 vc_col-sm-offset-0 vc_col-xs-12&#8243;][\/vc_column][vc_column margin_spacement_md=\u00bb0px \/ 0px \/ 0px \/ 0px\u00bb margin_spacement_sm=\u00bb0px \/ 0px \/ 68px \/ 0px\u00bb margin_spacement_xs=\u00bb0px \/ 0px \/ 68px \/ 0px\u00bb custom_spacement_margin_id=\u00bb5e8e228eaf88b\u00bb offset=\u00bbvc_col-md-6&#8243;][vc_column_text css_animation=\u00bbfadeInUpShorter\u00bb css_animation_delay=\u00bb400&#8243; css=\u00bb.vc_custom_1617224543522{margin-bottom: 20px !important;}\u00bb]La tecnolog\u00eda de bater\u00edas de [&hellip;]\" \/>\n<meta property=\"og:url\" content=\"https:\/\/iet.energy\/?page_id=55232\" \/>\n<meta property=\"og:site_name\" content=\"IET Energy\" \/>\n<meta property=\"article:modified_time\" content=\"2021-07-19T17:42:40+00:00\" \/>\n<meta name=\"twitter:card\" content=\"summary_large_image\" \/>\n<meta name=\"twitter:label1\" content=\"Tiempo de lectura\" \/>\n\t<meta name=\"twitter:data1\" content=\"9 minutos\" \/>\n<script type=\"application\/ld+json\" class=\"yoast-schema-graph\">{\"@context\":\"https:\\\/\\\/schema.org\",\"@graph\":[{\"@type\":\"WebPage\",\"@id\":\"https:\\\/\\\/iet.energy\\\/?page_id=55232\",\"url\":\"https:\\\/\\\/iet.energy\\\/?page_id=55232\",\"name\":\"Soluciones de Autoconsumo y Gesti\u00f3n de Energ\u00eda - IET Energy\",\"isPartOf\":{\"@id\":\"https:\\\/\\\/iet.energy\\\/#website\"},\"datePublished\":\"2021-03-30T20:13:26+00:00\",\"dateModified\":\"2021-07-19T17:42:40+00:00\",\"breadcrumb\":{\"@id\":\"https:\\\/\\\/iet.energy\\\/?page_id=55232#breadcrumb\"},\"inLanguage\":\"es\",\"potentialAction\":[{\"@type\":\"ReadAction\",\"target\":[\"https:\\\/\\\/iet.energy\\\/?page_id=55232\"]}]},{\"@type\":\"BreadcrumbList\",\"@id\":\"https:\\\/\\\/iet.energy\\\/?page_id=55232#breadcrumb\",\"itemListElement\":[{\"@type\":\"ListItem\",\"position\":1,\"name\":\"Portada\",\"item\":\"https:\\\/\\\/iet.energy\\\/\"},{\"@type\":\"ListItem\",\"position\":2,\"name\":\"Soluciones de Autoconsumo y Gesti\u00f3n de Energ\u00eda\"}]},{\"@type\":\"WebSite\",\"@id\":\"https:\\\/\\\/iet.energy\\\/#website\",\"url\":\"https:\\\/\\\/iet.energy\\\/\",\"name\":\"IET Energy\",\"description\":\"Soluciones eficientes\",\"potentialAction\":[{\"@type\":\"SearchAction\",\"target\":{\"@type\":\"EntryPoint\",\"urlTemplate\":\"https:\\\/\\\/iet.energy\\\/?s={search_term_string}\"},\"query-input\":{\"@type\":\"PropertyValueSpecification\",\"valueRequired\":true,\"valueName\":\"search_term_string\"}}],\"inLanguage\":\"es\"}]}<\/script>\n<!-- \/ Yoast SEO plugin. -->","yoast_head_json":{"title":"Soluciones de Autoconsumo y Gesti\u00f3n de Energ\u00eda - IET Energy","robots":{"index":"index","follow":"follow","max-snippet":"max-snippet:-1","max-image-preview":"max-image-preview:large","max-video-preview":"max-video-preview:-1"},"canonical":"https:\/\/iet.energy\/?page_id=55232","og_locale":"es_ES","og_type":"article","og_title":"Soluciones de Autoconsumo y Gesti\u00f3n de Energ\u00eda - IET Energy","og_description":"[vc_row padding_spacement_md=\u00bb100px \/ 0px \/ 75px \/ 0px\u00bb padding_spacement_xs=\u00bb20px \/ 0px \/ 0px \/ 0px\u00bb custom_spacement_padding_id=\u00bb5ea06d6263d7b\u00bb][vc_column css_animation=\u00bbfadeInUpShorter\u00bb css_animation_delay=\u00bb400&#8243; offset=\u00bbvc_col-lg-6 vc_col-md-offset-0 vc_col-md-6 vc_col-sm-offset-0 vc_col-xs-12&#8243;][\/vc_column][vc_column margin_spacement_md=\u00bb0px \/ 0px \/ 0px \/ 0px\u00bb margin_spacement_sm=\u00bb0px \/ 0px \/ 68px \/ 0px\u00bb margin_spacement_xs=\u00bb0px \/ 0px \/ 68px \/ 0px\u00bb custom_spacement_margin_id=\u00bb5e8e228eaf88b\u00bb offset=\u00bbvc_col-md-6&#8243;][vc_column_text css_animation=\u00bbfadeInUpShorter\u00bb css_animation_delay=\u00bb400&#8243; css=\u00bb.vc_custom_1617224543522{margin-bottom: 20px !important;}\u00bb]La tecnolog\u00eda de bater\u00edas de [&hellip;]","og_url":"https:\/\/iet.energy\/?page_id=55232","og_site_name":"IET Energy","article_modified_time":"2021-07-19T17:42:40+00:00","twitter_card":"summary_large_image","twitter_misc":{"Tiempo de lectura":"9 minutos"},"schema":{"@context":"https:\/\/schema.org","@graph":[{"@type":"WebPage","@id":"https:\/\/iet.energy\/?page_id=55232","url":"https:\/\/iet.energy\/?page_id=55232","name":"Soluciones de Autoconsumo y Gesti\u00f3n de Energ\u00eda - IET Energy","isPartOf":{"@id":"https:\/\/iet.energy\/#website"},"datePublished":"2021-03-30T20:13:26+00:00","dateModified":"2021-07-19T17:42:40+00:00","breadcrumb":{"@id":"https:\/\/iet.energy\/?page_id=55232#breadcrumb"},"inLanguage":"es","potentialAction":[{"@type":"ReadAction","target":["https:\/\/iet.energy\/?page_id=55232"]}]},{"@type":"BreadcrumbList","@id":"https:\/\/iet.energy\/?page_id=55232#breadcrumb","itemListElement":[{"@type":"ListItem","position":1,"name":"Portada","item":"https:\/\/iet.energy\/"},{"@type":"ListItem","position":2,"name":"Soluciones de Autoconsumo y Gesti\u00f3n de Energ\u00eda"}]},{"@type":"WebSite","@id":"https:\/\/iet.energy\/#website","url":"https:\/\/iet.energy\/","name":"IET Energy","description":"Soluciones eficientes","potentialAction":[{"@type":"SearchAction","target":{"@type":"EntryPoint","urlTemplate":"https:\/\/iet.energy\/?s={search_term_string}"},"query-input":{"@type":"PropertyValueSpecification","valueRequired":true,"valueName":"search_term_string"}}],"inLanguage":"es"}]}},"_links":{"self":[{"href":"https:\/\/iet.energy\/index.php?rest_route=\/wp\/v2\/pages\/55232","targetHints":{"allow":["GET"]}}],"collection":[{"href":"https:\/\/iet.energy\/index.php?rest_route=\/wp\/v2\/pages"}],"about":[{"href":"https:\/\/iet.energy\/index.php?rest_route=\/wp\/v2\/types\/page"}],"author":[{"embeddable":true,"href":"https:\/\/iet.energy\/index.php?rest_route=\/wp\/v2\/users\/2"}],"replies":[{"embeddable":true,"href":"https:\/\/iet.energy\/index.php?rest_route=%2Fwp%2Fv2%2Fcomments&post=55232"}],"version-history":[{"count":1,"href":"https:\/\/iet.energy\/index.php?rest_route=\/wp\/v2\/pages\/55232\/revisions"}],"predecessor-version":[{"id":55462,"href":"https:\/\/iet.energy\/index.php?rest_route=\/wp\/v2\/pages\/55232\/revisions\/55462"}],"wp:attachment":[{"href":"https:\/\/iet.energy\/index.php?rest_route=%2Fwp%2Fv2%2Fmedia&parent=55232"}],"curies":[{"name":"wp","href":"https:\/\/api.w.org\/{rel}","templated":true}]}}