{"id":55229,"date":"2021-03-30T19:57:46","date_gmt":"2021-03-30T19:57:46","guid":{"rendered":"https:\/\/iet.energy\/?page_id=55229"},"modified":"2023-02-01T09:30:22","modified_gmt":"2023-02-01T09:30:22","slug":"seguridad","status":"publish","type":"page","link":"https:\/\/iet.energy\/?page_id=55229","title":{"rendered":"Iluminaci\u00f3n de Emergencia"},"content":{"rendered":"<p>[vc_row css=\u00bb.vc_custom_1560359064591{margin-top: 75px !important;margin-bottom: 75px !important;}\u00bb][vc_column margin_spacement_md=\u00bb0px \/ 0px \/ 0px \/ 0px\u00bb margin_spacement_xs=\u00bb0rem \/ 0rem \/ 3rem \/ 0rem\u00bb custom_spacement_margin_id=\u00bb5e8e259a5f0aa\u00bb offset=\u00bbvc_col-md-6&#8243;]<div  class=\"ezy-heading text-left  appear-animation\" data-appear-animation=\"fadeInUpShorter\" data-appear-animation-delay=\"200\" data-appear-animation-duration=\"750ms\"><span class=\"ezy-text-tag heading-sub-title d-block font-weight-light has-skin-text-color text-color-primary\" style=\"font-size: 13px !important; \">ILUMINACI\u00d3N DE EMERGENCIA - LUMINARIAS AUT\u00d3NOMAS<\/span><h2 class=\"ezy-text-tag main-heading-text font-weight-bold has-skin-text-color \" style=\"margin-bottom: 15px;\">Sistema CGLine+<\/h2><\/div>[vc_column_text css_animation=\u00bbfadeInUpShorter\u00bb css_animation_delay=\u00bb400&#8243; css=\u00bb.vc_custom_1622625563866{margin-bottom: 15px !important;}\u00bb]<\/p>\n<p class=\"lead\" style=\"margin: 0cm; background: white;\"><b><span style=\"font-size: 10.5pt; font-family: 'Arial',sans-serif; color: #777777;\">Monitorizaci\u00f3n y gesti\u00f3n mediante servidor Web<\/span><\/b><\/p>\n<p>CGLine+ es un sistema de supervisi\u00f3n y control de las luminarias de evacuaci\u00f3n y se\u00f1alizaci\u00f3n de emergencia que incluye pruebas de funcionamiento y de duraci\u00f3n autom\u00e1ticas. El servidor web permite controlar c\u00f3modamente todas las luminarias CGLine+ tanto en local como de forma remota<\/p>\n<p>&nbsp;[\/vc_column_text][vc_column_text css_animation=\u00bbfadeInUpShorter\u00bb css_animation_delay=\u00bb600&#8243; css=\u00bb.vc_custom_1622624645563{margin-bottom: 25px !important;}\u00bb][\/vc_column_text][\/vc_column][vc_column css_animation=\u00bbfadeInUpShorter\u00bb width=\u00bb7\/12&#8243; css_animation_delay=\u00bb400&#8243; margin_spacement_sm=\u00bb0px \/ 0px \/ 0px \/ 0px\u00bb margin_spacement_xs=\u00bb0px \/ 0px \/ 20px \/ 0px\u00bb custom_spacement_margin_id=\u00bb5e8e259a5f0b2&#8243; offset=\u00bbvc_col-md-3&#8243;]<div  class=\"ezy-card  \" ><div class=\"card bg-primary rounded-0 border-0\"><div class=\"card-body\" style=\"padding-top: 52px; padding-right: 40px; padding-bottom: 52px; padding-left: 40px;\"><div  class=\"ezy-testimonial  \" ><div id=\"ezy_testimonial_605e9446c90f0\" class=\"testimonial testimonial-style-1\"><blockquote class=\"\"><p><strong><em>\u201cNuestra seguridad depende de las decisiones que tomamos\u201d<\/em><\/strong><\/p>\n<p><span style=\"color: #e2e2e2;\">\u00a0<\/span><\/p>\n<p>&nbsp;<\/p>\n<\/blockquote><div class=\"testimonial-author text-left\"><span><strong class=\"ezy-text-tag font-weight-bold has-skin-text-color text-color-light\">Departamento T\u00e9cnico<\/strong><span class=\"ezy-text-tag font-weight-normal has-custom-text-color\" style=\"color: #e2e2e2;\"><\/span><\/span><\/div><\/div><\/div><\/div><\/div><\/div>[\/vc_column][\/vc_row][vc_section full_height=\u00bbyes\u00bb video_bg=\u00bbyes\u00bb video_bg_url=\u00bbhttps:\/\/www.youtube.com\/watch?v=t5VXZNN9_mI\u00bb vc_section_id=\u00bb605e9446c90fb\u00bb css=\u00bb.vc_custom_1622370574257{background-image: url(https:\/\/www.okler.net\/ezy\/wordpress\/multi-purpose-1\/wp-content\/uploads\/sites\/2\/2019\/06\/background-7-ezy-placeholder.jpg?id=4862) !important;background-position: center !important;background-repeat: no-repeat !important;background-size: cover !important;}\u00bb][vc_row][vc_column]<div  class=\"ezy-heading text-left  appear-animation\" data-appear-animation=\"fadeInRightShorter\" data-appear-animation-delay=\"200\" data-appear-animation-duration=\"750ms\"><span class=\"ezy-text-tag heading-sub-title d-block font-weight-light has-skin-text-color text-color-primary\" style=\"font-size: 13px !important; \">Pertenecer tiene sus beneficios<\/span><h2 class=\"ezy-text-tag main-heading-text font-weight-bold has-skin-text-color \" style=\"margin-bottom: 50px;\">Normativa EN50172 - EN50171<\/h2><\/div>[\/vc_column][\/vc_row][vc_row css_animation=\u00bbfadeInRightShorter\u00bb css_animation_delay=\u00bb600&#8243; css=\u00bb.vc_custom_1588010560321{margin-bottom: -10px !important;}\u00bb][vc_column width=\u00bb1\/2&#8243; margin_spacement_sm=\u00bb0px \/ 0px \/ 0px \/ 0px\u00bb margin_spacement_xs=\u00bb0rem \/ 0rem \/ 2rem \/ 0rem\u00bb custom_spacement_margin_id=\u00bb5e8e259a5f0c8&#8243; offset=\u00bbvc_col-md-4&#8243;]<div  class=\"ezy-icon-box  \" ><div class=\"icon-box icon-box-style-1\"><div class=\"icon-box-icon pr-3 pb-2 rounded-circle\"><i class=\"lnr lnr-spell-check text-color-primary text-10\"><\/i><\/div><div class=\"icon-box-info\"><div class=\"icon-box-info-title\"><span class=\"ezy-text-tag heading-sub-title font-weight-normal has-skin-text-color \"><\/span><h3 class=\"ezy-text-tag w-100 font-weight-bold has-skin-text-color \" style=\"font-size: 18px !important;  margin-bottom: 5px;\">Cumplir la norma salva empresas<\/h3><\/div><\/div><\/div><\/div>[\/vc_column][\/vc_row][\/vc_section][vc_row css=\u00bb.vc_custom_1560360187038{margin-top: 75px !important;}\u00bb][vc_column]<div  class=\"ezy-heading text-left  appear-animation\" data-appear-animation=\"fadeInUpShorter\" data-appear-animation-delay=\"200\" data-appear-animation-duration=\"750ms\"><span class=\"ezy-text-tag heading-sub-title d-block font-weight-light has-skin-text-color text-color-primary\" style=\"font-size: 13px !important; \">EATON \u2013 TECNOLOG\u00cdA CONTRASTADA<\/span><h2 class=\"ezy-text-tag main-heading-text font-weight-bold has-skin-text-color \" style=\"margin-bottom: 10px;\">Sistema de evacuaci\u00f3n DIN\u00c1MICO<\/h2><\/div>[vc_column_text css_animation=\u00bbmaskUp\u00bb css_animation_delay=\u00bb400&#8243;]El sistema de evacuaci\u00f3n din\u00e1mico de EATON selecciona en tiempo real la ruta de evacuaci\u00f3n m\u00e1s segura en funci\u00f3n de la naturaleza y la ubicaci\u00f3n del riesgo o peligro. Guiando as\u00ed a los que usuarios del edificio a trav\u00e9s de las v\u00edas de escape hacia los espacios seguros.<\/p>\n<p>&nbsp;<\/p>\n<p>El sistema cumple, adem\u00e1s, con las normas referentes al mantenimiento del alumbrado de emergencia como sistema de seguridad y sus inspecciones peri\u00f3dicas UNE-EN 50171 y UNE-EN 50172. Todo ello sin necesidad de incrementar coste ni personal.<\/p>\n<p>El sistema permite controlar, visualizar y gestionar la iluminaci\u00f3n de emergencia, tanto de forma local como remota, en tiempo real<\/p>\n<p>&nbsp;[\/vc_column_text][vc_column_text]<\/p>\n<h2 style=\"background: white; margin: 0cm 0cm 7.5pt 0cm;\"><span style=\"font-size: 21.5pt; font-family: 'Arial',sans-serif; color: #1c1f21; letter-spacing: -.4pt;\">Evacuaci\u00f3n Adaptativa<\/span><\/h2>\n<p>En momento de crisis solo la flexibilidad nos mantendr\u00e1 a salvo.<\/p>\n<p>El sistema de evacuaci\u00f3n adaptativa de EATON y su luminaria de se\u00f1alizaci\u00f3n patentada <strong>Matrix CGLine+<\/strong>, bloquean las rutas de escape inseguras y las reestablecen tan pronto el riesgo o peligro haya desaparecido y estas vuelvan a ser seguras. Esto permite responder de forma flexible a situaciones de peligro din\u00e1micas.[\/vc_column_text][vc_single_image image=\u00bb55238&#8243; img_size=\u00bbmedium\u00bb alignment=\u00bbcenter\u00bb style=\u00bbvc_box_shadow_border\u00bb][\/vc_column][\/vc_row][vc_row css_animation=\u00bbfadeIn\u00bb css_animation_delay=\u00bb350&#8243; margin_spacement_sm=\u00bb36px \/ -15px \/ 45px \/ -15px\u00bb margin_spacement_xs=\u00bb25px \/ -15px \/ 45px \/ -15px\u00bb custom_spacement_margin_id=\u00bb605e9446c904c\u00bb][vc_column][vc_separator css=\u00bb.vc_custom_1588011795396{margin-bottom: 0px !important;}\u00bb][\/vc_column][\/vc_row][vc_row css_animation=\u00bbfadeInUpShorter\u00bb css_animation_delay=\u00bb250&#8243;][vc_column width=\u00bb2\/3&#8243; margin_spacement_sm=\u00bb0px \/ 0px \/ 0px \/ 0px\u00bb margin_spacement_xs=\u00bb0px \/ 0px \/ 20px \/ 0px\u00bb custom_spacement_margin_id=\u00bb605e9446c9062&#8243;]<div  class=\"ezy-heading text-left  appear-animation\" data-appear-animation=\"fadeInUpShorter\" data-appear-animation-delay=\"200\" data-appear-animation-duration=\"750ms\"><span class=\"ezy-text-tag heading-sub-title d-block font-weight-light has-skin-text-color text-color-primary\" style=\"font-size: 13px !important; \">ILUMINACI\u00d3N DE EMERGENCIA - SISTEMAS DE BATER\u00cdAS CENTRALIZADOS (CBS)<\/span><h2 class=\"ezy-text-tag main-heading-text font-weight-bold has-skin-text-color \" style=\"margin-bottom: 10px;\">Centrales de bater\u00edas<\/h2><\/div><div  class=\"ezy-heading text-left  \" ><h3 class=\"ezy-text-tag main-heading-text font-weight-bold has-skin-text-color \" style=\"font-size: 18px !important;  margin-bottom: 10px;\">Control, Visualizaci\u00f3n y gesti\u00f3n centralizada.<\/h3><\/div>[vc_column_text css=\u00bb.vc_custom_1621449973316{margin-bottom: 10px !important;}\u00bb]Los Sistemas de Bater\u00edas Centralizados (CBS) de Eaton, adem\u00e1s de proporcionar una fuente de energ\u00eda segura y fiable, gestionan y monitorizaci\u00f3n de las luminarias la iluminaci\u00f3n de seguridad y de emergencia conectadas a la central garantizando que \u00e9stas funcionen correctamente en caso de emergencia o necesidad.<\/p>\n<p>&nbsp;<\/p>\n<p>El potente software de visualizaci\u00f3n VisionGuard controla y monitoriza grandes sistemas de iluminaci\u00f3n de emergencia con la m\u00e1xima fiabilidad y desde un \u00fanico centro de control.<\/p>\n<p>Especialmente adecuado para edificios grandes como aeropuertos, hospitales, museos, universidades, centros deportivos e instalaciones industriales, este software es el complemento ideal para el funcionamiento \u00f3ptimo y econ\u00f3mico de toda la iluminaci\u00f3n de seguridad y de emergencia.[\/vc_column_text][\/vc_column][vc_column width=\u00bb1\/3&#8243; margin_spacement_sm=\u00bb0px \/ 0px \/ 0px \/ 0px\u00bb margin_spacement_xs=\u00bb0px \/ 0px \/ 20px \/ 0px\u00bb custom_spacement_margin_id=\u00bb5e8e259a5f0ed\u00bb]<div  class=\"ezy-button d-flex justify-content-md-end  \" ><a href=\"https:\/\/iet.energy\/contacto\/\" title=\"\" target=\"_self\"  class=\"btn align-items-center btn-primary btn-rounded font-weight-bold\"  style=\"font-size: 11px; padding: 12px 45px;\">m\u00e1s info<\/a><\/div>[\/vc_column][\/vc_row][vc_row css_animation=\u00bbfadeIn\u00bb css_animation_delay=\u00bb350&#8243; margin_spacement_sm=\u00bb36px \/ -15px \/ 45px \/ -15px\u00bb margin_spacement_xs=\u00bb25px \/ -15px \/ 45px \/ -15px\u00bb custom_spacement_margin_id=\u00bb605e9446c9099&#8243;][vc_column][vc_separator css=\u00bb.vc_custom_1588012074156{margin-bottom: 0px !important;}\u00bb][vc_video link=\u00bbhttps:\/\/www.youtube.com\/watch?v=t5VXZNN9_mI\u00bb align=\u00bbcenter\u00bb][\/vc_column][\/vc_row]<\/p>\n","protected":false},"excerpt":{"rendered":"<p>[vc_row css=\u00bb.vc_custom_1560359064591{margin-top: 75px !important;margin-bottom: 75px !important;}\u00bb][vc_column margin_spacement_md=\u00bb0px \/ 0px \/ 0px \/ 0px\u00bb margin_spacement_xs=\u00bb0rem \/ 0rem \/ 3rem \/ 0rem\u00bb custom_spacement_margin_id=\u00bb5e8e259a5f0aa\u00bb offset=\u00bbvc_col-md-6&#8243;][vc_column_text css_animation=\u00bbfadeInUpShorter\u00bb css_animation_delay=\u00bb400&#8243; css=\u00bb.vc_custom_1622625563866{margin-bottom: 15px !important;}\u00bb] Monitorizaci\u00f3n y gesti\u00f3n mediante servidor Web CGLine+ es un sistema de supervisi\u00f3n y control de las luminarias de evacuaci\u00f3n y se\u00f1alizaci\u00f3n de emergencia que incluye pruebas de funcionamiento [&hellip;]<\/p>\n","protected":false},"author":2,"featured_media":0,"parent":0,"menu_order":0,"comment_status":"closed","ping_status":"closed","template":"","meta":{"footnotes":""},"class_list":["post-55229","page","type-page","status-publish","hentry"],"yoast_head":"<!-- This site is optimized with the Yoast SEO plugin v27.3 - https:\/\/yoast.com\/product\/yoast-seo-wordpress\/ -->\n<title>Iluminaci\u00f3n de Emergencia - IET Energy<\/title>\n<meta name=\"robots\" content=\"index, follow, max-snippet:-1, max-image-preview:large, max-video-preview:-1\" \/>\n<link rel=\"canonical\" href=\"https:\/\/iet.energy\/?page_id=55229\" \/>\n<meta property=\"og:locale\" content=\"es_ES\" \/>\n<meta property=\"og:type\" content=\"article\" \/>\n<meta property=\"og:title\" content=\"Iluminaci\u00f3n de Emergencia - IET Energy\" \/>\n<meta property=\"og:description\" content=\"[vc_row css=\u00bb.vc_custom_1560359064591{margin-top: 75px !important;margin-bottom: 75px !important;}\u00bb][vc_column margin_spacement_md=\u00bb0px \/ 0px \/ 0px \/ 0px\u00bb margin_spacement_xs=\u00bb0rem \/ 0rem \/ 3rem \/ 0rem\u00bb custom_spacement_margin_id=\u00bb5e8e259a5f0aa\u00bb offset=\u00bbvc_col-md-6&#8243;][vc_column_text css_animation=\u00bbfadeInUpShorter\u00bb css_animation_delay=\u00bb400&#8243; css=\u00bb.vc_custom_1622625563866{margin-bottom: 15px !important;}\u00bb] Monitorizaci\u00f3n y gesti\u00f3n mediante servidor Web CGLine+ es un sistema de supervisi\u00f3n y control de las luminarias de evacuaci\u00f3n y se\u00f1alizaci\u00f3n de emergencia que incluye pruebas de funcionamiento [&hellip;]\" \/>\n<meta property=\"og:url\" content=\"https:\/\/iet.energy\/?page_id=55229\" \/>\n<meta property=\"og:site_name\" content=\"IET Energy\" \/>\n<meta property=\"article:modified_time\" content=\"2023-02-01T09:30:22+00:00\" \/>\n<meta name=\"twitter:card\" content=\"summary_large_image\" \/>\n<meta name=\"twitter:label1\" content=\"Tiempo de lectura\" \/>\n\t<meta name=\"twitter:data1\" content=\"6 minutos\" \/>\n<script type=\"application\/ld+json\" class=\"yoast-schema-graph\">{\"@context\":\"https:\\\/\\\/schema.org\",\"@graph\":[{\"@type\":\"WebPage\",\"@id\":\"https:\\\/\\\/iet.energy\\\/?page_id=55229\",\"url\":\"https:\\\/\\\/iet.energy\\\/?page_id=55229\",\"name\":\"Iluminaci\u00f3n de Emergencia - IET Energy\",\"isPartOf\":{\"@id\":\"https:\\\/\\\/iet.energy\\\/#website\"},\"datePublished\":\"2021-03-30T19:57:46+00:00\",\"dateModified\":\"2023-02-01T09:30:22+00:00\",\"breadcrumb\":{\"@id\":\"https:\\\/\\\/iet.energy\\\/?page_id=55229#breadcrumb\"},\"inLanguage\":\"es\",\"potentialAction\":[{\"@type\":\"ReadAction\",\"target\":[\"https:\\\/\\\/iet.energy\\\/?page_id=55229\"]}]},{\"@type\":\"BreadcrumbList\",\"@id\":\"https:\\\/\\\/iet.energy\\\/?page_id=55229#breadcrumb\",\"itemListElement\":[{\"@type\":\"ListItem\",\"position\":1,\"name\":\"Portada\",\"item\":\"https:\\\/\\\/iet.energy\\\/\"},{\"@type\":\"ListItem\",\"position\":2,\"name\":\"Iluminaci\u00f3n de Emergencia\"}]},{\"@type\":\"WebSite\",\"@id\":\"https:\\\/\\\/iet.energy\\\/#website\",\"url\":\"https:\\\/\\\/iet.energy\\\/\",\"name\":\"IET Energy\",\"description\":\"Soluciones eficientes\",\"potentialAction\":[{\"@type\":\"SearchAction\",\"target\":{\"@type\":\"EntryPoint\",\"urlTemplate\":\"https:\\\/\\\/iet.energy\\\/?s={search_term_string}\"},\"query-input\":{\"@type\":\"PropertyValueSpecification\",\"valueRequired\":true,\"valueName\":\"search_term_string\"}}],\"inLanguage\":\"es\"}]}<\/script>\n<!-- \/ Yoast SEO plugin. -->","yoast_head_json":{"title":"Iluminaci\u00f3n de Emergencia - IET Energy","robots":{"index":"index","follow":"follow","max-snippet":"max-snippet:-1","max-image-preview":"max-image-preview:large","max-video-preview":"max-video-preview:-1"},"canonical":"https:\/\/iet.energy\/?page_id=55229","og_locale":"es_ES","og_type":"article","og_title":"Iluminaci\u00f3n de Emergencia - IET Energy","og_description":"[vc_row css=\u00bb.vc_custom_1560359064591{margin-top: 75px !important;margin-bottom: 75px !important;}\u00bb][vc_column margin_spacement_md=\u00bb0px \/ 0px \/ 0px \/ 0px\u00bb margin_spacement_xs=\u00bb0rem \/ 0rem \/ 3rem \/ 0rem\u00bb custom_spacement_margin_id=\u00bb5e8e259a5f0aa\u00bb offset=\u00bbvc_col-md-6&#8243;][vc_column_text css_animation=\u00bbfadeInUpShorter\u00bb css_animation_delay=\u00bb400&#8243; css=\u00bb.vc_custom_1622625563866{margin-bottom: 15px !important;}\u00bb] Monitorizaci\u00f3n y gesti\u00f3n mediante servidor Web CGLine+ es un sistema de supervisi\u00f3n y control de las luminarias de evacuaci\u00f3n y se\u00f1alizaci\u00f3n de emergencia que incluye pruebas de funcionamiento [&hellip;]","og_url":"https:\/\/iet.energy\/?page_id=55229","og_site_name":"IET Energy","article_modified_time":"2023-02-01T09:30:22+00:00","twitter_card":"summary_large_image","twitter_misc":{"Tiempo de lectura":"6 minutos"},"schema":{"@context":"https:\/\/schema.org","@graph":[{"@type":"WebPage","@id":"https:\/\/iet.energy\/?page_id=55229","url":"https:\/\/iet.energy\/?page_id=55229","name":"Iluminaci\u00f3n de Emergencia - IET Energy","isPartOf":{"@id":"https:\/\/iet.energy\/#website"},"datePublished":"2021-03-30T19:57:46+00:00","dateModified":"2023-02-01T09:30:22+00:00","breadcrumb":{"@id":"https:\/\/iet.energy\/?page_id=55229#breadcrumb"},"inLanguage":"es","potentialAction":[{"@type":"ReadAction","target":["https:\/\/iet.energy\/?page_id=55229"]}]},{"@type":"BreadcrumbList","@id":"https:\/\/iet.energy\/?page_id=55229#breadcrumb","itemListElement":[{"@type":"ListItem","position":1,"name":"Portada","item":"https:\/\/iet.energy\/"},{"@type":"ListItem","position":2,"name":"Iluminaci\u00f3n de Emergencia"}]},{"@type":"WebSite","@id":"https:\/\/iet.energy\/#website","url":"https:\/\/iet.energy\/","name":"IET Energy","description":"Soluciones eficientes","potentialAction":[{"@type":"SearchAction","target":{"@type":"EntryPoint","urlTemplate":"https:\/\/iet.energy\/?s={search_term_string}"},"query-input":{"@type":"PropertyValueSpecification","valueRequired":true,"valueName":"search_term_string"}}],"inLanguage":"es"}]}},"_links":{"self":[{"href":"https:\/\/iet.energy\/index.php?rest_route=\/wp\/v2\/pages\/55229","targetHints":{"allow":["GET"]}}],"collection":[{"href":"https:\/\/iet.energy\/index.php?rest_route=\/wp\/v2\/pages"}],"about":[{"href":"https:\/\/iet.energy\/index.php?rest_route=\/wp\/v2\/types\/page"}],"author":[{"embeddable":true,"href":"https:\/\/iet.energy\/index.php?rest_route=\/wp\/v2\/users\/2"}],"replies":[{"embeddable":true,"href":"https:\/\/iet.energy\/index.php?rest_route=%2Fwp%2Fv2%2Fcomments&post=55229"}],"version-history":[{"count":17,"href":"https:\/\/iet.energy\/index.php?rest_route=\/wp\/v2\/pages\/55229\/revisions"}],"predecessor-version":[{"id":55471,"href":"https:\/\/iet.energy\/index.php?rest_route=\/wp\/v2\/pages\/55229\/revisions\/55471"}],"wp:attachment":[{"href":"https:\/\/iet.energy\/index.php?rest_route=%2Fwp%2Fv2%2Fmedia&parent=55229"}],"curies":[{"name":"wp","href":"https:\/\/api.w.org\/{rel}","templated":true}]}}